{"id":2,"date":"2023-03-22T10:55:28","date_gmt":"2023-03-22T10:55:28","guid":{"rendered":"https:\/\/rajweb.de\/?page_id=2"},"modified":"2023-03-23T21:53:22","modified_gmt":"2023-03-23T21:53:22","slug":"kassensystem-tse-leicht-gemacht","status":"publish","type":"page","link":"https:\/\/rajweb.de\/index.php\/kassensystem-tse-leicht-gemacht\/","title":{"rendered":"Was ist die TSE Kasse?"},"content":{"rendered":"\n<p class=\"has-medium-font-size\">Die technische Sicherheitseinrichtung (TSE) wurde vom deutschen Finanzministerium durch die Kassensicherheitsveordnung (KassenSichV) verpflichtend eingef\u00fchrt.&nbsp;<\/p>\n\n\n\n<p class=\"has-medium-font-size\"><strong>Alle computergest\u00fctzten Kassen und alle Registrierkassen m\u00fcssen inzwischen als TSE Kasse eingesetzt werden<\/strong>.<\/p>\n\n\n\n<p class=\"has-medium-font-size\">Die TSE ist im Grunde ein Werkzeug der Finanz\u00e4mter gegen illegales Vorgehen mit dem eigenen Kassensystem. Eine&nbsp;<strong>TSE Kasse speichert den Start- und Endzeitpunkt einer Bestellung und nummeriert alle Bestellungen fortlaufend<\/strong>. Diese Daten werden in einem Container schreibgesch\u00fctzt abgelegt, k\u00f6nnen also&nbsp;<strong>nicht mehr ver\u00e4ndert werden<\/strong>.&nbsp;<\/p>\n\n\n\n<p class=\"has-medium-font-size\">Nach au\u00dfen sichtbar wird eine TSE Kasse vor allem durch den Kassenbon: Auf dem Bon findet sich bei einer&nbsp;<strong>TSE Kasse das Datum, eine Signatur und ein sogenannter Public Key. Seit 2021 reicht auch ein einfacher QR-Code.<\/strong>&nbsp;Das hei\u00dft auch als Kunde oder Kundin erkennt man schnell, ob das Gesch\u00e4ft eine TSE Kasse einsetzt. Die Finanz\u00e4mter k\u00f6nnen verdeckte Testk\u00e4ufe durchf\u00fchren und ohne gro\u00dfen Aufwand erkennen, ob eine TSE Kasse im Einsatz ist oder nicht.<\/p>\n","protected":false},"excerpt":{"rendered":"<p>Die technische Sicherheitseinrichtung (TSE) wurde vom deutschen Finanzministerium durch die Kassensicherheitsveordnung (KassenSichV) verpflichtend eingef\u00fchrt.&nbsp; Alle computergest\u00fctzten Kassen und alle Registrierkassen m\u00fcssen inzwischen als TSE Kasse eingesetzt werden. Die TSE ist im Grunde ein Werkzeug der Finanz\u00e4mter gegen illegales Vorgehen mit dem eigenen Kassensystem. Eine&nbsp;TSE Kasse speichert den Start- und Endzeitpunkt einer Bestellung und nummeriert alle [&hellip;]<\/p>\n","protected":false},"author":1,"featured_media":67,"parent":0,"menu_order":0,"comment_status":"closed","ping_status":"closed","template":"","meta":{"footnotes":""},"class_list":["post-2","page","type-page","status-publish","has-post-thumbnail","hentry"],"yoast_head":"<!-- This site is optimized with the Yoast SEO plugin v23.6 - https:\/\/yoast.com\/wordpress\/plugins\/seo\/ -->\n<title>Was ist die TSE Kasse? - RajWEB<\/title>\n<meta name=\"robots\" content=\"index, follow, max-snippet:-1, max-image-preview:large, max-video-preview:-1\" \/>\n<link rel=\"canonical\" href=\"https:\/\/rajweb.de\/index.php\/kassensystem-tse-leicht-gemacht\/\" \/>\n<meta property=\"og:locale\" content=\"de_DE\" \/>\n<meta property=\"og:type\" content=\"article\" \/>\n<meta property=\"og:title\" content=\"Was ist die TSE Kasse? - RajWEB\" \/>\n<meta property=\"og:description\" content=\"Die technische Sicherheitseinrichtung (TSE) wurde vom deutschen Finanzministerium durch die Kassensicherheitsveordnung (KassenSichV) verpflichtend eingef\u00fchrt.&nbsp; Alle computergest\u00fctzten Kassen und alle Registrierkassen m\u00fcssen inzwischen als TSE Kasse eingesetzt werden. Die TSE ist im Grunde ein Werkzeug der Finanz\u00e4mter gegen illegales Vorgehen mit dem eigenen Kassensystem. Eine&nbsp;TSE Kasse speichert den Start- und Endzeitpunkt einer Bestellung und nummeriert alle [&hellip;]\" \/>\n<meta property=\"og:url\" content=\"https:\/\/rajweb.de\/index.php\/kassensystem-tse-leicht-gemacht\/\" \/>\n<meta property=\"og:site_name\" content=\"RajWEB\" \/>\n<meta property=\"article:publisher\" content=\"https:\/\/www.facebook.com\/Rajweb.de\" \/>\n<meta property=\"article:modified_time\" content=\"2023-03-23T21:53:22+00:00\" \/>\n<meta property=\"og:image\" content=\"https:\/\/rajweb.de\/wp-content\/uploads\/2023\/03\/32465.jpg\" \/>\n\t<meta property=\"og:image:width\" content=\"1280\" \/>\n\t<meta property=\"og:image:height\" content=\"968\" \/>\n\t<meta property=\"og:image:type\" content=\"image\/jpeg\" \/>\n<meta name=\"twitter:card\" content=\"summary_large_image\" \/>\n<meta name=\"twitter:label1\" content=\"Gesch\u00e4tzte Lesezeit\" \/>\n\t<meta name=\"twitter:data1\" content=\"1\u00a0Minute\" \/>\n<script type=\"application\/ld+json\" class=\"yoast-schema-graph\">{\"@context\":\"https:\/\/schema.org\",\"@graph\":[{\"@type\":\"WebPage\",\"@id\":\"https:\/\/rajweb.de\/index.php\/kassensystem-tse-leicht-gemacht\/\",\"url\":\"https:\/\/rajweb.de\/index.php\/kassensystem-tse-leicht-gemacht\/\",\"name\":\"Was ist die TSE Kasse? - RajWEB\",\"isPartOf\":{\"@id\":\"https:\/\/rajweb.de\/#website\"},\"primaryImageOfPage\":{\"@id\":\"https:\/\/rajweb.de\/index.php\/kassensystem-tse-leicht-gemacht\/#primaryimage\"},\"image\":{\"@id\":\"https:\/\/rajweb.de\/index.php\/kassensystem-tse-leicht-gemacht\/#primaryimage\"},\"thumbnailUrl\":\"https:\/\/rajweb.de\/wp-content\/uploads\/2023\/03\/32465.jpg\",\"datePublished\":\"2023-03-22T10:55:28+00:00\",\"dateModified\":\"2023-03-23T21:53:22+00:00\",\"breadcrumb\":{\"@id\":\"https:\/\/rajweb.de\/index.php\/kassensystem-tse-leicht-gemacht\/#breadcrumb\"},\"inLanguage\":\"de\",\"potentialAction\":[{\"@type\":\"ReadAction\",\"target\":[\"https:\/\/rajweb.de\/index.php\/kassensystem-tse-leicht-gemacht\/\"]}]},{\"@type\":\"ImageObject\",\"inLanguage\":\"de\",\"@id\":\"https:\/\/rajweb.de\/index.php\/kassensystem-tse-leicht-gemacht\/#primaryimage\",\"url\":\"https:\/\/rajweb.de\/wp-content\/uploads\/2023\/03\/32465.jpg\",\"contentUrl\":\"https:\/\/rajweb.de\/wp-content\/uploads\/2023\/03\/32465.jpg\",\"width\":1280,\"height\":968},{\"@type\":\"BreadcrumbList\",\"@id\":\"https:\/\/rajweb.de\/index.php\/kassensystem-tse-leicht-gemacht\/#breadcrumb\",\"itemListElement\":[{\"@type\":\"ListItem\",\"position\":1,\"name\":\"Startseite\",\"item\":\"https:\/\/rajweb.de\/\"},{\"@type\":\"ListItem\",\"position\":2,\"name\":\"Was ist die TSE Kasse?\"}]},{\"@type\":\"WebSite\",\"@id\":\"https:\/\/rajweb.de\/#website\",\"url\":\"https:\/\/rajweb.de\/\",\"name\":\"RajWEB\",\"description\":\"Innovative Web-L\u00f6sungen f\u00fcr Ihr Business\",\"publisher\":{\"@id\":\"https:\/\/rajweb.de\/#organization\"},\"potentialAction\":[{\"@type\":\"SearchAction\",\"target\":{\"@type\":\"EntryPoint\",\"urlTemplate\":\"https:\/\/rajweb.de\/?s={search_term_string}\"},\"query-input\":{\"@type\":\"PropertyValueSpecification\",\"valueRequired\":true,\"valueName\":\"search_term_string\"}}],\"inLanguage\":\"de\"},{\"@type\":\"Organization\",\"@id\":\"https:\/\/rajweb.de\/#organization\",\"name\":\"IT Solution & Designer\",\"url\":\"https:\/\/rajweb.de\/\",\"logo\":{\"@type\":\"ImageObject\",\"inLanguage\":\"de\",\"@id\":\"https:\/\/rajweb.de\/#\/schema\/logo\/image\/\",\"url\":\"https:\/\/rajweb.de\/wp-content\/uploads\/2023\/03\/cropped-cropped-Krone2-e1679484057340-1.png\",\"contentUrl\":\"https:\/\/rajweb.de\/wp-content\/uploads\/2023\/03\/cropped-cropped-Krone2-e1679484057340-1.png\",\"width\":44,\"height\":50,\"caption\":\"IT Solution & Designer\"},\"image\":{\"@id\":\"https:\/\/rajweb.de\/#\/schema\/logo\/image\/\"},\"sameAs\":[\"https:\/\/www.facebook.com\/Rajweb.de\",\"https:\/\/www.instagram.com\/rajweb.de\/?fbclid=IwAR0rUGidcnjSsmAxuLU645Mj5Bw-DnwPJBL42EFDseq0B2XHMjTNo1G48Z0\"]}]}<\/script>\n<!-- \/ Yoast SEO plugin. -->","yoast_head_json":{"title":"Was ist die TSE Kasse? - RajWEB","robots":{"index":"index","follow":"follow","max-snippet":"max-snippet:-1","max-image-preview":"max-image-preview:large","max-video-preview":"max-video-preview:-1"},"canonical":"https:\/\/rajweb.de\/index.php\/kassensystem-tse-leicht-gemacht\/","og_locale":"de_DE","og_type":"article","og_title":"Was ist die TSE Kasse? - RajWEB","og_description":"Die technische Sicherheitseinrichtung (TSE) wurde vom deutschen Finanzministerium durch die Kassensicherheitsveordnung (KassenSichV) verpflichtend eingef\u00fchrt.&nbsp; Alle computergest\u00fctzten Kassen und alle Registrierkassen m\u00fcssen inzwischen als TSE Kasse eingesetzt werden. Die TSE ist im Grunde ein Werkzeug der Finanz\u00e4mter gegen illegales Vorgehen mit dem eigenen Kassensystem. Eine&nbsp;TSE Kasse speichert den Start- und Endzeitpunkt einer Bestellung und nummeriert alle [&hellip;]","og_url":"https:\/\/rajweb.de\/index.php\/kassensystem-tse-leicht-gemacht\/","og_site_name":"RajWEB","article_publisher":"https:\/\/www.facebook.com\/Rajweb.de","article_modified_time":"2023-03-23T21:53:22+00:00","og_image":[{"width":1280,"height":968,"url":"https:\/\/rajweb.de\/wp-content\/uploads\/2023\/03\/32465.jpg","type":"image\/jpeg"}],"twitter_card":"summary_large_image","twitter_misc":{"Gesch\u00e4tzte Lesezeit":"1\u00a0Minute"},"schema":{"@context":"https:\/\/schema.org","@graph":[{"@type":"WebPage","@id":"https:\/\/rajweb.de\/index.php\/kassensystem-tse-leicht-gemacht\/","url":"https:\/\/rajweb.de\/index.php\/kassensystem-tse-leicht-gemacht\/","name":"Was ist die TSE Kasse? - RajWEB","isPartOf":{"@id":"https:\/\/rajweb.de\/#website"},"primaryImageOfPage":{"@id":"https:\/\/rajweb.de\/index.php\/kassensystem-tse-leicht-gemacht\/#primaryimage"},"image":{"@id":"https:\/\/rajweb.de\/index.php\/kassensystem-tse-leicht-gemacht\/#primaryimage"},"thumbnailUrl":"https:\/\/rajweb.de\/wp-content\/uploads\/2023\/03\/32465.jpg","datePublished":"2023-03-22T10:55:28+00:00","dateModified":"2023-03-23T21:53:22+00:00","breadcrumb":{"@id":"https:\/\/rajweb.de\/index.php\/kassensystem-tse-leicht-gemacht\/#breadcrumb"},"inLanguage":"de","potentialAction":[{"@type":"ReadAction","target":["https:\/\/rajweb.de\/index.php\/kassensystem-tse-leicht-gemacht\/"]}]},{"@type":"ImageObject","inLanguage":"de","@id":"https:\/\/rajweb.de\/index.php\/kassensystem-tse-leicht-gemacht\/#primaryimage","url":"https:\/\/rajweb.de\/wp-content\/uploads\/2023\/03\/32465.jpg","contentUrl":"https:\/\/rajweb.de\/wp-content\/uploads\/2023\/03\/32465.jpg","width":1280,"height":968},{"@type":"BreadcrumbList","@id":"https:\/\/rajweb.de\/index.php\/kassensystem-tse-leicht-gemacht\/#breadcrumb","itemListElement":[{"@type":"ListItem","position":1,"name":"Startseite","item":"https:\/\/rajweb.de\/"},{"@type":"ListItem","position":2,"name":"Was ist die TSE Kasse?"}]},{"@type":"WebSite","@id":"https:\/\/rajweb.de\/#website","url":"https:\/\/rajweb.de\/","name":"RajWEB","description":"Innovative Web-L\u00f6sungen f\u00fcr Ihr Business","publisher":{"@id":"https:\/\/rajweb.de\/#organization"},"potentialAction":[{"@type":"SearchAction","target":{"@type":"EntryPoint","urlTemplate":"https:\/\/rajweb.de\/?s={search_term_string}"},"query-input":{"@type":"PropertyValueSpecification","valueRequired":true,"valueName":"search_term_string"}}],"inLanguage":"de"},{"@type":"Organization","@id":"https:\/\/rajweb.de\/#organization","name":"IT Solution & Designer","url":"https:\/\/rajweb.de\/","logo":{"@type":"ImageObject","inLanguage":"de","@id":"https:\/\/rajweb.de\/#\/schema\/logo\/image\/","url":"https:\/\/rajweb.de\/wp-content\/uploads\/2023\/03\/cropped-cropped-Krone2-e1679484057340-1.png","contentUrl":"https:\/\/rajweb.de\/wp-content\/uploads\/2023\/03\/cropped-cropped-Krone2-e1679484057340-1.png","width":44,"height":50,"caption":"IT Solution & Designer"},"image":{"@id":"https:\/\/rajweb.de\/#\/schema\/logo\/image\/"},"sameAs":["https:\/\/www.facebook.com\/Rajweb.de","https:\/\/www.instagram.com\/rajweb.de\/?fbclid=IwAR0rUGidcnjSsmAxuLU645Mj5Bw-DnwPJBL42EFDseq0B2XHMjTNo1G48Z0"]}]}},"jetpack_sharing_enabled":true,"_links":{"self":[{"href":"https:\/\/rajweb.de\/index.php\/wp-json\/wp\/v2\/pages\/2","targetHints":{"allow":["GET"]}}],"collection":[{"href":"https:\/\/rajweb.de\/index.php\/wp-json\/wp\/v2\/pages"}],"about":[{"href":"https:\/\/rajweb.de\/index.php\/wp-json\/wp\/v2\/types\/page"}],"author":[{"embeddable":true,"href":"https:\/\/rajweb.de\/index.php\/wp-json\/wp\/v2\/users\/1"}],"replies":[{"embeddable":true,"href":"https:\/\/rajweb.de\/index.php\/wp-json\/wp\/v2\/comments?post=2"}],"version-history":[{"count":5,"href":"https:\/\/rajweb.de\/index.php\/wp-json\/wp\/v2\/pages\/2\/revisions"}],"predecessor-version":[{"id":201,"href":"https:\/\/rajweb.de\/index.php\/wp-json\/wp\/v2\/pages\/2\/revisions\/201"}],"wp:featuredmedia":[{"embeddable":true,"href":"https:\/\/rajweb.de\/index.php\/wp-json\/wp\/v2\/media\/67"}],"wp:attachment":[{"href":"https:\/\/rajweb.de\/index.php\/wp-json\/wp\/v2\/media?parent=2"}],"curies":[{"name":"wp","href":"https:\/\/api.w.org\/{rel}","templated":true}]}}